{"id":186,"date":"2021-03-30T14:41:24","date_gmt":"2021-03-30T12:41:24","guid":{"rendered":"https:\/\/www.boi2021.de\/?page_id=186"},"modified":"2021-04-14T17:13:29","modified_gmt":"2021-04-14T15:13:29","slug":"partners","status":"publish","type":"page","link":"https:\/\/www.boi2021.de\/index.php\/partners\/","title":{"rendered":"Partners"},"content":{"rendered":"\n<div class=\"wp-block-cover alignfull has-nv-site-bg-background-color has-background-dim\"><div class=\"wp-block-cover__inner-container\">\n<p class=\"has-neve-text-color-color has-text-color\">These institutions cooperate to make BOI 2021 possible:<\/p>\n\n\n\n<div class=\"is-layout-flex wp-container-3 wp-block-columns\">\n<div class=\"is-layout-flow wp-block-column\">\n<h3 class=\"has-neve-text-color-color has-text-color\">Bundesweite Informatikwettbewerbe<\/h3>\n\n\n\n<figure class=\"wp-block-image size-large is-resized\"><a href=\"https:\/\/bwinf.de\"><img decoding=\"async\" loading=\"lazy\" src=\"https:\/\/www.boi2021.de\/wp-content\/uploads\/2021\/03\/BWINF_Internet_Logo-1024x675.png\" alt=\"\" class=\"wp-image-229\" width=\"474\" height=\"313\" srcset=\"https:\/\/www.boi2021.de\/wp-content\/uploads\/2021\/03\/BWINF_Internet_Logo-1024x675.png 1024w, https:\/\/www.boi2021.de\/wp-content\/uploads\/2021\/03\/BWINF_Internet_Logo-300x198.png 300w, https:\/\/www.boi2021.de\/wp-content\/uploads\/2021\/03\/BWINF_Internet_Logo-768x507.png 768w, https:\/\/www.boi2021.de\/wp-content\/uploads\/2021\/03\/BWINF_Internet_Logo.png 1140w\" sizes=\"(max-width: 474px) 100vw, 474px\" \/><\/a><\/figure>\n<\/div>\n\n\n\n<div class=\"is-layout-flow wp-block-column\">\n<h3 class=\"has-neve-text-color-color has-text-color\">Institut f\u00fcr Theoretische Informatik (TCS)<br>der Universit\u00e4t zu L\u00fcbeck<\/h3>\n\n\n\n<figure class=\"wp-block-image size-large\"><a href=\"https:\/\/www.tcs.uni-luebeck.de\/\"><img decoding=\"async\" loading=\"lazy\" width=\"425\" height=\"283\" src=\"https:\/\/www.boi2021.de\/wp-content\/uploads\/2021\/03\/tcslogo.png\" alt=\"\" class=\"wp-image-230\" srcset=\"https:\/\/www.boi2021.de\/wp-content\/uploads\/2021\/03\/tcslogo.png 425w, https:\/\/www.boi2021.de\/wp-content\/uploads\/2021\/03\/tcslogo-300x200.png 300w\" sizes=\"(max-width: 425px) 100vw, 425px\" \/><\/a><\/figure>\n<\/div>\n<\/div>\n<\/div><\/div>\n\n\n\n<p><\/p>\n","protected":false},"excerpt":{"rendered":"","protected":false},"author":1,"featured_media":0,"parent":0,"menu_order":0,"comment_status":"closed","ping_status":"closed","template":"","meta":{"neve_meta_sidebar":"full-width","neve_meta_container":"","neve_meta_enable_content_width":"on","neve_meta_content_width":100,"neve_meta_title_alignment":"","neve_meta_author_avatar":"","neve_post_elements_order":"","neve_meta_disable_header":"","neve_meta_disable_footer":"","neve_meta_disable_title":""},"_links":{"self":[{"href":"https:\/\/www.boi2021.de\/index.php\/wp-json\/wp\/v2\/pages\/186"}],"collection":[{"href":"https:\/\/www.boi2021.de\/index.php\/wp-json\/wp\/v2\/pages"}],"about":[{"href":"https:\/\/www.boi2021.de\/index.php\/wp-json\/wp\/v2\/types\/page"}],"author":[{"embeddable":true,"href":"https:\/\/www.boi2021.de\/index.php\/wp-json\/wp\/v2\/users\/1"}],"replies":[{"embeddable":true,"href":"https:\/\/www.boi2021.de\/index.php\/wp-json\/wp\/v2\/comments?post=186"}],"version-history":[{"count":6,"href":"https:\/\/www.boi2021.de\/index.php\/wp-json\/wp\/v2\/pages\/186\/revisions"}],"predecessor-version":[{"id":257,"href":"https:\/\/www.boi2021.de\/index.php\/wp-json\/wp\/v2\/pages\/186\/revisions\/257"}],"wp:attachment":[{"href":"https:\/\/www.boi2021.de\/index.php\/wp-json\/wp\/v2\/media?parent=186"}],"curies":[{"name":"wp","href":"https:\/\/api.w.org\/{rel}","templated":true}]}}